{"id":358,"date":"2021-05-14T16:01:05","date_gmt":"2021-05-14T19:01:05","guid":{"rendered":"https:\/\/www.marquespiscinas.com.br\/loja\/?post_type=product&#038;p=358"},"modified":"2024-01-18T11:06:26","modified_gmt":"2024-01-18T14:06:26","slug":"pastilha-multiacao-hidroazul","status":"publish","type":"product","link":"https:\/\/www.marquespiscinas.com.br\/loja\/produto\/pastilha-multiacao-hidroazul\/","title":{"rendered":"Pastilha Multia\u00e7\u00e3o Hidroazul 200g"},"content":{"rendered":"<p>MODO DE USO:<\/p>\n<div>A Pastilha de Tricloro Multia\u00e7\u00e3o \u00e9 uma fonte concentrada de cloro dispon\u00edvel para desinfec\u00e7\u00e3o e sanitiza\u00e7\u00e3o de piscinas, al\u00e9m de clarificar e prevenir o aparecimento de algas. Este produto possui lenta taxa de dissolu\u00e7\u00e3o e elevado conte\u00fado de cloro, al\u00e9m de possuir agente estabilizador de cloro, que mant\u00eam o efeito sanitizante por mais tempo na piscina, ideal para uso cont\u00ednuo.<\/div>\n<div>Pode ser utilizado para a destina\u00e7\u00e3o domiciliar ou institucional. \u00c9 pr\u00f3prio para a elimina\u00e7\u00e3o dos microorganismos da \u00e1gua da piscina, oxida\u00e7\u00e3o de mat\u00e9ria org\u00e2nica, inibi\u00e7\u00e3o de odores desagrad\u00e1veis e para a preven\u00e7\u00e3o da transmiss\u00e3o das mais diversas doen\u00e7as infecciosas.<\/div>\n<p>CUIDADOS E INSTRU\u00c7\u00d5ES<br \/>\nEM CASO DE ACIDENTE CONSERVE FORA DO ALCANCE DE CRIAN\u00c7AS E ANIMAIS.<\/p>\n<div>\n<p>N\u00e3o reutilizar as embalagens vazias. Manter o produto na embalagem original. Evite contato do produto concentrado com os olhos e a pele. Evite a inala\u00e7\u00e3o do produto concentrado. Em caso de contato direto do produto com a pele ou os olhos, lavar as partes atingidas com \u00e1gua corrente em abund\u00e2ncia e persistindo a irrita\u00e7\u00e3o procurar o servi\u00e7o de sa\u00fade levando a embalagem ou o r\u00f3tulo do produto. Se inalado em excesso, remover a pessoa para um local ventilado. No caso de ingest\u00e3o do produto concentrado procurar o Centro de Intoxica\u00e7\u00f5es ou o Servi\u00e7o de Sa\u00fade, levando a embalagem ou o r\u00f3tulo do produto.\u00a0CEATOX \u2013 Hospital das Cl\u00ednicas: 0800 722 6001.<\/p>\n<p>Jamais misture este produto com qualquer outro tipo de cloro, em gr\u00e2nulos ou tabletes, sob risco de combust\u00e3o. Hipoclorito de C\u00e1lcio ou S\u00f3dio ou quaisquer produtos qu\u00edmicos nunca devem ser misturados e armazenados com Dicloro e Tricloro Isocian\u00farico.<\/p>\n<p>As informa\u00e7\u00f5es sobre armazenamento e manuseio est\u00e3o dispon\u00edveis na ficha de seguran\u00e7a do produto no link:\u00a0<a href=\"http:\/\/www.hidroazul.com.br\/wp-content\/themes\/hidroazul\/assets\/fispq\/Pastilha%20Multiacao%20200g.pdf\">http:\/\/www.hidroazul.com.br\/wp-content\/themes\/hidroazul\/assets\/fispq\/Pastilha%20Multiacao%20200g.pdf<\/a><\/p>\n<\/div>\n","protected":false},"excerpt":{"rendered":"<p>Nova f\u00f3rmula com mais fun\u00e7\u00f5es: a\u00e7\u00e3o fungicida, oxidante, algist\u00e1tico, desinfetante, clarificante e estabilizador de cloro. Possui f\u00f3rmula exclusiva e \u00e9 a \u00fanica\u00a0<b>pastilha<\/b>\u00a0com cloro azul ativo. Para ser utilizada em cloradores ou flutuadores.<\/p>\n","protected":false},"featured_media":359,"comment_status":"open","ping_status":"closed","template":"","meta":[],"product_brand":[],"product_cat":[24],"product_tag":[],"class_list":{"0":"post-358","1":"product","2":"type-product","3":"status-publish","4":"has-post-thumbnail","6":"product_cat-tratamento","8":"first","9":"instock","10":"shipping-taxable","11":"purchasable","12":"product-type-simple"},"jetpack_sharing_enabled":true,"_links":{"self":[{"href":"https:\/\/www.marquespiscinas.com.br\/loja\/wp-json\/wp\/v2\/product\/358","targetHints":{"allow":["GET"]}}],"collection":[{"href":"https:\/\/www.marquespiscinas.com.br\/loja\/wp-json\/wp\/v2\/product"}],"about":[{"href":"https:\/\/www.marquespiscinas.com.br\/loja\/wp-json\/wp\/v2\/types\/product"}],"replies":[{"embeddable":true,"href":"https:\/\/www.marquespiscinas.com.br\/loja\/wp-json\/wp\/v2\/comments?post=358"}],"wp:featuredmedia":[{"embeddable":true,"href":"https:\/\/www.marquespiscinas.com.br\/loja\/wp-json\/wp\/v2\/media\/359"}],"wp:attachment":[{"href":"https:\/\/www.marquespiscinas.com.br\/loja\/wp-json\/wp\/v2\/media?parent=358"}],"wp:term":[{"taxonomy":"product_brand","embeddable":true,"href":"https:\/\/www.marquespiscinas.com.br\/loja\/wp-json\/wp\/v2\/product_brand?post=358"},{"taxonomy":"product_cat","embeddable":true,"href":"https:\/\/www.marquespiscinas.com.br\/loja\/wp-json\/wp\/v2\/product_cat?post=358"},{"taxonomy":"product_tag","embeddable":true,"href":"https:\/\/www.marquespiscinas.com.br\/loja\/wp-json\/wp\/v2\/product_tag?post=358"}],"curies":[{"name":"wp","href":"https:\/\/api.w.org\/{rel}","templated":true}]}}