{"id":373,"date":"2021-05-18T08:58:23","date_gmt":"2021-05-18T11:58:23","guid":{"rendered":"https:\/\/www.marquespiscinas.com.br\/loja\/?post_type=product&#038;p=373"},"modified":"2021-08-09T14:59:19","modified_gmt":"2021-08-09T17:59:19","slug":"dispostivo-de-aspiracao-premium-flat-aco-inox-316","status":"publish","type":"product","link":"https:\/\/www.marquespiscinas.com.br\/loja\/produto\/dispostivo-de-aspiracao-premium-flat-aco-inox-316\/","title":{"rendered":"Dispostivo de Aspira\u00e7\u00e3o Premium flat a\u00e7o inox 316"},"content":{"rendered":"<p>O Dispositivo de Aspira\u00e7\u00e3o Premium Flat pode ser instalado diretamente no tubo de 50mm. Com design compacto e inovador se torna discreto e eficiente dentro de sua piscina.<\/p>\n","protected":false},"excerpt":{"rendered":"<p>O Dispositivo de Aspira\u00e7\u00e3o Premium Flat pode ser instalado diretamente no tubo de 50mm. Com design compacto e inovador se torna discreto e eficiente dentro de sua piscina.<\/p>\n","protected":false},"featured_media":374,"comment_status":"open","ping_status":"closed","template":"","meta":[],"product_brand":[],"product_cat":[25],"product_tag":[],"class_list":{"0":"post-373","1":"product","2":"type-product","3":"status-publish","4":"has-post-thumbnail","6":"product_cat-acessorios-2","8":"first","9":"instock","10":"shipping-taxable","11":"purchasable","12":"product-type-simple"},"jetpack_sharing_enabled":true,"_links":{"self":[{"href":"https:\/\/www.marquespiscinas.com.br\/loja\/wp-json\/wp\/v2\/product\/373","targetHints":{"allow":["GET"]}}],"collection":[{"href":"https:\/\/www.marquespiscinas.com.br\/loja\/wp-json\/wp\/v2\/product"}],"about":[{"href":"https:\/\/www.marquespiscinas.com.br\/loja\/wp-json\/wp\/v2\/types\/product"}],"replies":[{"embeddable":true,"href":"https:\/\/www.marquespiscinas.com.br\/loja\/wp-json\/wp\/v2\/comments?post=373"}],"wp:featuredmedia":[{"embeddable":true,"href":"https:\/\/www.marquespiscinas.com.br\/loja\/wp-json\/wp\/v2\/media\/374"}],"wp:attachment":[{"href":"https:\/\/www.marquespiscinas.com.br\/loja\/wp-json\/wp\/v2\/media?parent=373"}],"wp:term":[{"taxonomy":"product_brand","embeddable":true,"href":"https:\/\/www.marquespiscinas.com.br\/loja\/wp-json\/wp\/v2\/product_brand?post=373"},{"taxonomy":"product_cat","embeddable":true,"href":"https:\/\/www.marquespiscinas.com.br\/loja\/wp-json\/wp\/v2\/product_cat?post=373"},{"taxonomy":"product_tag","embeddable":true,"href":"https:\/\/www.marquespiscinas.com.br\/loja\/wp-json\/wp\/v2\/product_tag?post=373"}],"curies":[{"name":"wp","href":"https:\/\/api.w.org\/{rel}","templated":true}]}}