{"id":383,"date":"2021-07-08T15:07:30","date_gmt":"2021-07-08T18:07:30","guid":{"rendered":"https:\/\/www.marquespiscinas.com.br\/loja\/?post_type=product&#038;p=383"},"modified":"2024-04-30T11:04:19","modified_gmt":"2024-04-30T14:04:19","slug":"cloro-premium-70-1kg","status":"publish","type":"product","link":"https:\/\/www.marquespiscinas.com.br\/loja\/produto\/cloro-premium-70-1kg\/","title":{"rendered":"Cloro Hidroazul Premium 70% 1kg"},"content":{"rendered":"<p><strong>Instru\u00e7\u00f5es de Uso<\/strong><\/p>\n<p>A alcalinidade total da \u00e1gua deve estar entre 80 e 120 ppm e o pH entre 7,4 e 7,6. Se necess\u00e1rio, fa\u00e7a a corre\u00e7\u00e3o. O cloro deve ser mantido na faixa de 1 a 3 ppm.<\/p>\n<p>TRATAMENTO DE CHOQUE: Dissolva 13g para cada 1.000 litros de \u00e1gua e utilize produto Hidroazul espec\u00edfico para decanta\u00e7\u00e3o. Em seguida, deixe a \u00e1gua em repouso por 12 horas e aspire o fundo da piscina, na posi\u00e7\u00e3o \u201cdrenar\u201d.<\/p>\n<p>MANUTEN\u00c7\u00c3O: Dissolva 3,5g para cada 1.000 litros de \u00e1gua e aplique a cada 48 horas.<\/p>\n<p><strong>ATEN\u00c7\u00c3O: Jamais misture este produto com qualquer outro tipo de cloro, em gr\u00e2nulos ou tabletes, sob risco de combust\u00e3o. Hipoclorito de C\u00e1lcio ou S\u00f3dio ou quaisquer produtos qu\u00edmicos nunca devem ser misturados e armazenados com Dicloro e Tricloro Isocian\u00farico.<\/strong><\/p>\n","protected":false},"excerpt":{"rendered":"<p>Teor ativo de <b>70<\/b>%. O mais poderoso\u00a0<b>cloro<\/b> granulado. Excelente rendimento em piscinas aquecidas. Rende muito mais que os cloros tradicionais pelo alto poder de purifica\u00e7\u00e3o.<\/p>\n","protected":false},"featured_media":384,"comment_status":"open","ping_status":"closed","template":"","meta":[],"product_brand":[],"product_cat":[24],"product_tag":[],"class_list":{"0":"post-383","1":"product","2":"type-product","3":"status-publish","4":"has-post-thumbnail","6":"product_cat-tratamento","8":"first","9":"instock","10":"shipping-taxable","11":"purchasable","12":"product-type-simple"},"jetpack_sharing_enabled":true,"_links":{"self":[{"href":"https:\/\/www.marquespiscinas.com.br\/loja\/wp-json\/wp\/v2\/product\/383","targetHints":{"allow":["GET"]}}],"collection":[{"href":"https:\/\/www.marquespiscinas.com.br\/loja\/wp-json\/wp\/v2\/product"}],"about":[{"href":"https:\/\/www.marquespiscinas.com.br\/loja\/wp-json\/wp\/v2\/types\/product"}],"replies":[{"embeddable":true,"href":"https:\/\/www.marquespiscinas.com.br\/loja\/wp-json\/wp\/v2\/comments?post=383"}],"wp:featuredmedia":[{"embeddable":true,"href":"https:\/\/www.marquespiscinas.com.br\/loja\/wp-json\/wp\/v2\/media\/384"}],"wp:attachment":[{"href":"https:\/\/www.marquespiscinas.com.br\/loja\/wp-json\/wp\/v2\/media?parent=383"}],"wp:term":[{"taxonomy":"product_brand","embeddable":true,"href":"https:\/\/www.marquespiscinas.com.br\/loja\/wp-json\/wp\/v2\/product_brand?post=383"},{"taxonomy":"product_cat","embeddable":true,"href":"https:\/\/www.marquespiscinas.com.br\/loja\/wp-json\/wp\/v2\/product_cat?post=383"},{"taxonomy":"product_tag","embeddable":true,"href":"https:\/\/www.marquespiscinas.com.br\/loja\/wp-json\/wp\/v2\/product_tag?post=383"}],"curies":[{"name":"wp","href":"https:\/\/api.w.org\/{rel}","templated":true}]}}