{"id":385,"date":"2021-07-08T15:12:31","date_gmt":"2021-07-08T18:12:31","guid":{"rendered":"https:\/\/www.marquespiscinas.com.br\/loja\/?post_type=product&#038;p=385"},"modified":"2024-04-30T11:09:53","modified_gmt":"2024-04-30T14:09:53","slug":"cloro-hidroazul-faz-1-kg","status":"publish","type":"product","link":"https:\/\/www.marquespiscinas.com.br\/loja\/produto\/cloro-hidroazul-faz-1-kg\/","title":{"rendered":"Cloro Hidroazul Faz 1 kg"},"content":{"rendered":"<p>Informa\u00e7\u00f5es:<\/p>\n<div class=\"MuiGrid-root MuiGrid-item MuiGrid-grid-xs-12\">\n<div class=\"styles__ProductInformations-sc-1rue5eb-8 XchwC\">\n<ul>\n<li>Indicado para piscinas;<\/li>\n<li>Estabiliza a alcalinidade e pH;<\/li>\n<li>Elimina algas e desinfeta a \u00e1gua;<\/li>\n<li>Oxida mat\u00e9rias org\u00e2nicas da piscina.<\/li>\n<\/ul>\n<\/div>\n<\/div>\n","protected":false},"excerpt":{"rendered":"<p>O\u00a0<b>Cloro FAZ<\/b>\u00a04 +1 \u00e9 uma \u00f3tima op\u00e7\u00e3o para voc\u00ea que procura um produto para manter a sua piscina livre de mat\u00e9rias org\u00e2nicas, algas, preven\u00e7\u00e3o de odores, al\u00e9m da estabiliza\u00e7\u00e3o de alcalinidade e pH. Esse \u00e9 sol\u00favel na \u00e1gua e possui um \u00f3timo rendimento. \u2026 Me\u00e7a o pH diariamente.<\/p>\n<p>&nbsp;<\/p>\n","protected":false},"featured_media":507,"comment_status":"open","ping_status":"closed","template":"","meta":[],"product_brand":[],"product_cat":[24],"product_tag":[],"class_list":{"0":"post-385","1":"product","2":"type-product","3":"status-publish","4":"has-post-thumbnail","6":"product_cat-tratamento","8":"first","9":"instock","10":"shipping-taxable","11":"purchasable","12":"product-type-simple"},"jetpack_sharing_enabled":true,"_links":{"self":[{"href":"https:\/\/www.marquespiscinas.com.br\/loja\/wp-json\/wp\/v2\/product\/385","targetHints":{"allow":["GET"]}}],"collection":[{"href":"https:\/\/www.marquespiscinas.com.br\/loja\/wp-json\/wp\/v2\/product"}],"about":[{"href":"https:\/\/www.marquespiscinas.com.br\/loja\/wp-json\/wp\/v2\/types\/product"}],"replies":[{"embeddable":true,"href":"https:\/\/www.marquespiscinas.com.br\/loja\/wp-json\/wp\/v2\/comments?post=385"}],"wp:featuredmedia":[{"embeddable":true,"href":"https:\/\/www.marquespiscinas.com.br\/loja\/wp-json\/wp\/v2\/media\/507"}],"wp:attachment":[{"href":"https:\/\/www.marquespiscinas.com.br\/loja\/wp-json\/wp\/v2\/media?parent=385"}],"wp:term":[{"taxonomy":"product_brand","embeddable":true,"href":"https:\/\/www.marquespiscinas.com.br\/loja\/wp-json\/wp\/v2\/product_brand?post=385"},{"taxonomy":"product_cat","embeddable":true,"href":"https:\/\/www.marquespiscinas.com.br\/loja\/wp-json\/wp\/v2\/product_cat?post=385"},{"taxonomy":"product_tag","embeddable":true,"href":"https:\/\/www.marquespiscinas.com.br\/loja\/wp-json\/wp\/v2\/product_tag?post=385"}],"curies":[{"name":"wp","href":"https:\/\/api.w.org\/{rel}","templated":true}]}}