{"id":399,"date":"2021-08-03T14:38:21","date_gmt":"2021-08-03T17:38:21","guid":{"rendered":"https:\/\/www.marquespiscinas.com.br\/loja\/?post_type=product&#038;p=399"},"modified":"2023-01-27T15:10:15","modified_gmt":"2023-01-27T18:10:15","slug":"clarificante-e-auxiliar-de-filtracao-genco-1l","status":"publish","type":"product","link":"https:\/\/www.marquespiscinas.com.br\/loja\/produto\/clarificante-e-auxiliar-de-filtracao-genco-1l\/","title":{"rendered":"Clarificante e Auxiliar de Filtra\u00e7\u00e3o GENCO 1L"},"content":{"rendered":"<p>MODO DE USO:<\/p>\n<p>1. Retrolave o filtro se necess\u00e1rio.<br \/>\n2. Acione a filtra\u00e7\u00e3o.<br \/>\n3. Dilua a dosagem recomendada de GENFLOC num balde com \u00e1gua e espalhe essa solu\u00e7\u00e3o pela superf\u00edcie da piscina.<br \/>\n3-a) Para manter a \u00e1gua sempre cristalina use 1,5 mL de GENFLOC para\u00a0 cada m\u00b3 (1,5 mL por 1000 litros de \u00e1gua) semanlmente ou em intervalos menores dependendo da carga de sujeira presente e da transpar\u00eancia desejada. S\u00f3 permita o uso da piscina 30 minutos ap\u00f3s a aplica\u00e7\u00e3o de GENFLOC.<br \/>\n3-b) Em casos de esverdeamento provocado por turbidez, \u00e1gua muito suja, etc, use de 3 a 6 mL de GENFLOC para cada m\u00b3 (1000 litros) de \u00e1gua a tratar.<br \/>\n4. Mantenha a filtra\u00e7\u00e3o por 6 a 8 horas seguidas para a\u00e7\u00e3o clarificante (\u00e1guas turva) e por 1 a 2 horas para aux\u00edlio \u00e0 filtra\u00e7\u00e3o (\u00e1gua limpas).<br \/>\n5. Ap\u00f3s o per\u00edodo de filtra\u00e7\u00e3o, aspire filtrando a sujeira depositada.<\/p>\n<p><strong>Observa\u00e7\u00f5es: <\/strong>O tempo de filtra\u00e7\u00e3o \u00e9 de fundamental import\u00e2ncia para a clarifica\u00e7\u00e3o e depende da capacidade do filtro. Siga as orienta\u00e7\u00f5es do fabricante.<\/p>\n<p><strong>ATEN\u00c7\u00c3O! GENFLOC n\u00e3o \u00e9 algicida, nem desinfetante e n\u00e3o dispensa a clora\u00e7\u00e3o regular para desinfec\u00e7\u00e3o de \u00e1gua e o necess\u00e1rio controle do pH.<\/strong><\/p>\n<p style=\"font-weight: 400;\"><b><strong>Validade:\u00a0<\/strong><\/b>1 ano<br \/>\n<b><strong>Dosagem recomendada:<br \/>\n<\/strong><\/b>Auxiliar de filtra\u00e7\u00e3o: 1,5 ml \/ m<sup>3<\/sup>\u00a0por semana<b><strong><br \/>\n<\/strong><\/b>Clarificante: 3 a 6\u00a0ml \/ m<sup>3<\/sup><\/p>\n","protected":false},"excerpt":{"rendered":"<p style=\"font-weight: 400;\">GENFLOC Clarificante e Auxiliar de Filtra\u00e7\u00e3o GENCO \u00e9 um eficiente clarificante a auxiliar de filtra\u00e7\u00e3o para \u00e1guas de piscinas. Sua a\u00e7\u00e3o floculante atrai eletrostaticamente as part\u00edculas de sujeira que normalmente passariam pelo meio filtrante e forma com elas fl\u00f3culos grandes que o filtro passa a reter. Isso aumenta o rendimento do filtro. Os flocos maiores e mais pesados decantam para o fundo da piscina de onde podem ser aspirados normalmente. O resultado \u00e9 a clarifica\u00e7\u00e3o completa da \u00e1gua.<\/p>\n<p style=\"font-weight: 400;\">O GENFLOC Clarificante e Auxiliar de Filtra\u00e7\u00e3o GENCO pode ser utilizado tanto esporadicamente, em dosagem \u00fanica, para eliminar a turbidez que se acumula na \u00e1gua (tratamento corretivo) quando a quantidade de part\u00edculas min\u00fasculas de sujeira n\u00e3o s\u00e3o retidas pelo filtro, como em programa de dosagem semanal para evitar que essa turbidez se forme (tratamento preventivo), o que mant\u00e9m a \u00e1gua sempre cristalina. No primeiro caso, ele funciona como um floculante; no segundo, como auxiliar de filtra\u00e7\u00e3o.<\/p>\n","protected":false},"featured_media":400,"comment_status":"open","ping_status":"closed","template":"","meta":[],"product_brand":[],"product_cat":[24],"product_tag":[],"class_list":{"0":"post-399","1":"product","2":"type-product","3":"status-publish","4":"has-post-thumbnail","6":"product_cat-tratamento","8":"first","9":"outofstock","10":"shipping-taxable","11":"purchasable","12":"product-type-simple"},"jetpack_sharing_enabled":true,"_links":{"self":[{"href":"https:\/\/www.marquespiscinas.com.br\/loja\/wp-json\/wp\/v2\/product\/399","targetHints":{"allow":["GET"]}}],"collection":[{"href":"https:\/\/www.marquespiscinas.com.br\/loja\/wp-json\/wp\/v2\/product"}],"about":[{"href":"https:\/\/www.marquespiscinas.com.br\/loja\/wp-json\/wp\/v2\/types\/product"}],"replies":[{"embeddable":true,"href":"https:\/\/www.marquespiscinas.com.br\/loja\/wp-json\/wp\/v2\/comments?post=399"}],"wp:featuredmedia":[{"embeddable":true,"href":"https:\/\/www.marquespiscinas.com.br\/loja\/wp-json\/wp\/v2\/media\/400"}],"wp:attachment":[{"href":"https:\/\/www.marquespiscinas.com.br\/loja\/wp-json\/wp\/v2\/media?parent=399"}],"wp:term":[{"taxonomy":"product_brand","embeddable":true,"href":"https:\/\/www.marquespiscinas.com.br\/loja\/wp-json\/wp\/v2\/product_brand?post=399"},{"taxonomy":"product_cat","embeddable":true,"href":"https:\/\/www.marquespiscinas.com.br\/loja\/wp-json\/wp\/v2\/product_cat?post=399"},{"taxonomy":"product_tag","embeddable":true,"href":"https:\/\/www.marquespiscinas.com.br\/loja\/wp-json\/wp\/v2\/product_tag?post=399"}],"curies":[{"name":"wp","href":"https:\/\/api.w.org\/{rel}","templated":true}]}}