{"id":401,"date":"2021-08-03T14:53:02","date_gmt":"2021-08-03T17:53:02","guid":{"rendered":"https:\/\/www.marquespiscinas.com.br\/loja\/?post_type=product&#038;p=401"},"modified":"2023-01-27T15:09:38","modified_gmt":"2023-01-27T18:09:38","slug":"algicida-de-manutencao-genco-1l","status":"publish","type":"product","link":"https:\/\/www.marquespiscinas.com.br\/loja\/produto\/algicida-de-manutencao-genco-1l\/","title":{"rendered":"Algicida de Manuten\u00e7\u00e3o GENCO 1L"},"content":{"rendered":"<p>F\u00f3rmula desenvolvida especialmente para prevenir o desenvolvimento de algas.<br \/>\nO uso de ALGICIDA DE MANUTEN\u00c7\u00c3O previne o desenvolvimento de algas em \u00e1guas de piscinas. \u00c9 recomendado para todos os tipos de piscinas (fibra, vinil, azulejo e pintura).<\/p>\n","protected":false},"excerpt":{"rendered":"<p>F\u00f3rmula desenvolvida especialmente para prevenir o desenvolvimento de algas. O uso de ALGICIDA DE MANUTEN\u00c7\u00c3O previne o desenvolvimento de algas em \u00e1guas de piscinas. \u00c9 recomendado para todos os tipos de piscinas (fibra, vinil, azulejo e pintura).<\/p>\n","protected":false},"featured_media":402,"comment_status":"open","ping_status":"closed","template":"","meta":[],"product_brand":[],"product_cat":[24],"product_tag":[],"class_list":{"0":"post-401","1":"product","2":"type-product","3":"status-publish","4":"has-post-thumbnail","6":"product_cat-tratamento","8":"first","9":"outofstock","10":"shipping-taxable","11":"purchasable","12":"product-type-simple"},"jetpack_sharing_enabled":true,"_links":{"self":[{"href":"https:\/\/www.marquespiscinas.com.br\/loja\/wp-json\/wp\/v2\/product\/401","targetHints":{"allow":["GET"]}}],"collection":[{"href":"https:\/\/www.marquespiscinas.com.br\/loja\/wp-json\/wp\/v2\/product"}],"about":[{"href":"https:\/\/www.marquespiscinas.com.br\/loja\/wp-json\/wp\/v2\/types\/product"}],"replies":[{"embeddable":true,"href":"https:\/\/www.marquespiscinas.com.br\/loja\/wp-json\/wp\/v2\/comments?post=401"}],"wp:featuredmedia":[{"embeddable":true,"href":"https:\/\/www.marquespiscinas.com.br\/loja\/wp-json\/wp\/v2\/media\/402"}],"wp:attachment":[{"href":"https:\/\/www.marquespiscinas.com.br\/loja\/wp-json\/wp\/v2\/media?parent=401"}],"wp:term":[{"taxonomy":"product_brand","embeddable":true,"href":"https:\/\/www.marquespiscinas.com.br\/loja\/wp-json\/wp\/v2\/product_brand?post=401"},{"taxonomy":"product_cat","embeddable":true,"href":"https:\/\/www.marquespiscinas.com.br\/loja\/wp-json\/wp\/v2\/product_cat?post=401"},{"taxonomy":"product_tag","embeddable":true,"href":"https:\/\/www.marquespiscinas.com.br\/loja\/wp-json\/wp\/v2\/product_tag?post=401"}],"curies":[{"name":"wp","href":"https:\/\/api.w.org\/{rel}","templated":true}]}}