{"id":403,"date":"2021-08-03T15:00:00","date_gmt":"2021-08-03T18:00:00","guid":{"rendered":"https:\/\/www.marquespiscinas.com.br\/loja\/?post_type=product&#038;p=403"},"modified":"2023-01-27T15:04:45","modified_gmt":"2023-01-27T18:04:45","slug":"algicida-de-choque-genco-1l","status":"publish","type":"product","link":"https:\/\/www.marquespiscinas.com.br\/loja\/produto\/algicida-de-choque-genco-1l\/","title":{"rendered":"Algicida de Choque GENCO 1L"},"content":{"rendered":"<p>Algas s\u00e3o organismos microsc\u00f3picos que se desenvolvem na presen\u00e7a de \u00e1gua e luz solar, e que podem, rapidamente, tornar a \u00e1gua da piscina verde e turva, com pisos e paredes escorregadias . Algas pretas aparecem como manchas escuras nas paredes e fundo da piscina e nas juntas dos azulejos. Algumas esp\u00e9cies formam col\u00f4nias de cor amarelada (mostarda), ou marrom. A infesta\u00e7\u00e3o de algas geralmente acontece no ver\u00e3o, ap\u00f3s chuvas intensas, quando residuais de cloro se encontram abaixo do n\u00edvel recomendado. A clora\u00e7\u00e3o de manuten\u00e7\u00e3o com residuais de 2 a 4 ppm de cloro livre, presentes na \u00e1gua o tempo todo, com pH entre 7,4 e 7,6 constituem a melhor preven\u00e7\u00e3o contra o desenvolvimento de algas. Mas, depois que elas se desenvolvem somente um tratamento de choque consegue elimin\u00e1-las. O ALGICIDA DE CHOQUE GENCO \u00e9 uma composi\u00e7\u00e3o \u00e0 base de \u00edons de cobre quelados, altamente eficiente no combate a infesta\u00e7\u00e3o de algas j\u00e1 formadas em piscinas.<\/p>\n<p style=\"font-weight: 400;\"><b><strong>Validade:\u00a0<\/strong><\/b>2 anos<br \/>\n<b><strong>Dosagem\u00a0<\/strong><\/b><b><strong>recomendada:\u00a0<\/strong><\/b>7 ml \/ m<sup>3<\/sup>\u00a0(sempre que necess\u00e1rio)<\/p>\n<p>&nbsp;<\/p>\n","protected":false},"excerpt":{"rendered":"<p>O uso do\u00a0<strong>ALGICIDA DE CHOQUE GENCO<\/strong>\u00a0\u00e9 recomendado em caso de piscinas infestadas de algas. \u00c9 recomendado para qualquer tipo de piscinas (fibra, vinil, azulejo e pintura).<\/p>\n","protected":false},"featured_media":404,"comment_status":"open","ping_status":"closed","template":"","meta":[],"product_brand":[],"product_cat":[24],"product_tag":[],"class_list":{"0":"post-403","1":"product","2":"type-product","3":"status-publish","4":"has-post-thumbnail","6":"product_cat-tratamento","8":"first","9":"outofstock","10":"shipping-taxable","11":"purchasable","12":"product-type-simple"},"jetpack_sharing_enabled":true,"_links":{"self":[{"href":"https:\/\/www.marquespiscinas.com.br\/loja\/wp-json\/wp\/v2\/product\/403","targetHints":{"allow":["GET"]}}],"collection":[{"href":"https:\/\/www.marquespiscinas.com.br\/loja\/wp-json\/wp\/v2\/product"}],"about":[{"href":"https:\/\/www.marquespiscinas.com.br\/loja\/wp-json\/wp\/v2\/types\/product"}],"replies":[{"embeddable":true,"href":"https:\/\/www.marquespiscinas.com.br\/loja\/wp-json\/wp\/v2\/comments?post=403"}],"wp:featuredmedia":[{"embeddable":true,"href":"https:\/\/www.marquespiscinas.com.br\/loja\/wp-json\/wp\/v2\/media\/404"}],"wp:attachment":[{"href":"https:\/\/www.marquespiscinas.com.br\/loja\/wp-json\/wp\/v2\/media?parent=403"}],"wp:term":[{"taxonomy":"product_brand","embeddable":true,"href":"https:\/\/www.marquespiscinas.com.br\/loja\/wp-json\/wp\/v2\/product_brand?post=403"},{"taxonomy":"product_cat","embeddable":true,"href":"https:\/\/www.marquespiscinas.com.br\/loja\/wp-json\/wp\/v2\/product_cat?post=403"},{"taxonomy":"product_tag","embeddable":true,"href":"https:\/\/www.marquespiscinas.com.br\/loja\/wp-json\/wp\/v2\/product_tag?post=403"}],"curies":[{"name":"wp","href":"https:\/\/api.w.org\/{rel}","templated":true}]}}