{"id":405,"date":"2021-08-03T15:30:58","date_gmt":"2021-08-03T18:30:58","guid":{"rendered":"https:\/\/www.marquespiscinas.com.br\/loja\/?post_type=product&#038;p=405"},"modified":"2023-01-27T15:09:52","modified_gmt":"2023-01-27T18:09:52","slug":"ph-mais-liquido-genco","status":"publish","type":"product","link":"https:\/\/www.marquespiscinas.com.br\/loja\/produto\/ph-mais-liquido-genco\/","title":{"rendered":"pH+ Mais L\u00edquido GENCO"},"content":{"rendered":"<p><b>Instru\u00e7\u00f5es de Uso:<\/b><br \/>\n1. Mantenha o pH dentro da faixa ideal entre 7,4 e 7,6, a alcalinidade total entre 80 e 120 ppm e a dureza c\u00e1lcica entre 200 e 400 ppm.<br \/>\n2. Analise diariamente o pH e, se estiver abaixo de 7,2, corrija-o com pH\u00ae MAIS L\u00cdQUIDO GENCO\u00ae.<br \/>\n3. Para elevar o pH verifique a dosagem recomendada do produto\u00b9.<br \/>\n4. Adicione a dosagem recomendada em um balde pl\u00e1stico com \u00e1gua da pr\u00f3pria piscina e espalhe essa solu\u00e7\u00e3o sobre a superf\u00edcie da \u00e1gua com o sistema de filtra\u00e7\u00e3o em funcionamento (v\u00e1lvula do filtro na posi\u00e7\u00e3o &#8216;filtrar&#8217;) e mantenha a filtra\u00e7\u00e3o por pelo menos 30 a 60 minutos ap\u00f3s aplica\u00e7\u00e3o do produto.<br \/>\n5. Ap\u00f3s duas horas ou no dia seguinte, reanalise o pH para certificar-se de que est\u00e1 na faixa ideal recomendada. Em caso negativo, repita a opera\u00e7\u00e3o.<br \/>\n6. S\u00f3 utilizar a piscina 30 minutos ap\u00f3s aplica\u00e7\u00e3o do produto.<\/p>\n<p><strong>Validade: 2 anos<\/strong><\/p>\n","protected":false},"excerpt":{"rendered":"<p>pH \u00e9 uma medida que indica se a \u00e1gua est\u00e1 \u00e1cida (pH Baixo), neutra ou alcalina (pH alto). O pH correto assegura conforto aos banhistas, prote\u00e7\u00e3o dos equipamentos e efic\u00e1cia sanitizante do cloro. Alcalinidade Total \u00e9 a medida da capacidade da \u00e1gua em resistir a varia\u00e7\u00f5es do pH. Se a Alcalinidade Total estiver acima de 120 ppm, poder\u00e1 haver dificuldade no ajuste do pH.<\/p>\n","protected":false},"featured_media":406,"comment_status":"open","ping_status":"closed","template":"","meta":[],"product_brand":[],"product_cat":[24],"product_tag":[],"class_list":{"0":"post-405","1":"product","2":"type-product","3":"status-publish","4":"has-post-thumbnail","6":"product_cat-tratamento","8":"first","9":"outofstock","10":"shipping-taxable","11":"purchasable","12":"product-type-simple"},"jetpack_sharing_enabled":true,"_links":{"self":[{"href":"https:\/\/www.marquespiscinas.com.br\/loja\/wp-json\/wp\/v2\/product\/405","targetHints":{"allow":["GET"]}}],"collection":[{"href":"https:\/\/www.marquespiscinas.com.br\/loja\/wp-json\/wp\/v2\/product"}],"about":[{"href":"https:\/\/www.marquespiscinas.com.br\/loja\/wp-json\/wp\/v2\/types\/product"}],"replies":[{"embeddable":true,"href":"https:\/\/www.marquespiscinas.com.br\/loja\/wp-json\/wp\/v2\/comments?post=405"}],"wp:featuredmedia":[{"embeddable":true,"href":"https:\/\/www.marquespiscinas.com.br\/loja\/wp-json\/wp\/v2\/media\/406"}],"wp:attachment":[{"href":"https:\/\/www.marquespiscinas.com.br\/loja\/wp-json\/wp\/v2\/media?parent=405"}],"wp:term":[{"taxonomy":"product_brand","embeddable":true,"href":"https:\/\/www.marquespiscinas.com.br\/loja\/wp-json\/wp\/v2\/product_brand?post=405"},{"taxonomy":"product_cat","embeddable":true,"href":"https:\/\/www.marquespiscinas.com.br\/loja\/wp-json\/wp\/v2\/product_cat?post=405"},{"taxonomy":"product_tag","embeddable":true,"href":"https:\/\/www.marquespiscinas.com.br\/loja\/wp-json\/wp\/v2\/product_tag?post=405"}],"curies":[{"name":"wp","href":"https:\/\/api.w.org\/{rel}","templated":true}]}}