{"id":407,"date":"2021-08-03T15:35:10","date_gmt":"2021-08-03T18:35:10","guid":{"rendered":"https:\/\/www.marquespiscinas.com.br\/loja\/?post_type=product&#038;p=407"},"modified":"2022-09-14T15:39:17","modified_gmt":"2022-09-14T18:39:17","slug":"ph-menos-liquido-genco-1l","status":"publish","type":"product","link":"https:\/\/www.marquespiscinas.com.br\/loja\/produto\/ph-menos-liquido-genco-1l\/","title":{"rendered":"pH &#8211; Menos L\u00edquido GENCO 1L"},"content":{"rendered":"<p>\u00c1cido l\u00edquido para baixar o pH e a alcalinidade total. Utilizar quando o pH estiver acima de 7,8 ou a alcalinidade total acima de 120 ppm.<\/p>\n","protected":false},"excerpt":{"rendered":"<p>\u00c1cido l\u00edquido para baixar o pH e a alcalinidade total. Utilizar quando o pH estiver acima de 7,8 ou a alcalinidade total acima de 120 ppm.<\/p>\n","protected":false},"featured_media":408,"comment_status":"open","ping_status":"closed","template":"","meta":[],"product_brand":[],"product_cat":[24],"product_tag":[],"class_list":{"0":"post-407","1":"product","2":"type-product","3":"status-publish","4":"has-post-thumbnail","6":"product_cat-tratamento","8":"first","9":"outofstock","10":"shipping-taxable","11":"purchasable","12":"product-type-simple"},"jetpack_sharing_enabled":true,"_links":{"self":[{"href":"https:\/\/www.marquespiscinas.com.br\/loja\/wp-json\/wp\/v2\/product\/407","targetHints":{"allow":["GET"]}}],"collection":[{"href":"https:\/\/www.marquespiscinas.com.br\/loja\/wp-json\/wp\/v2\/product"}],"about":[{"href":"https:\/\/www.marquespiscinas.com.br\/loja\/wp-json\/wp\/v2\/types\/product"}],"replies":[{"embeddable":true,"href":"https:\/\/www.marquespiscinas.com.br\/loja\/wp-json\/wp\/v2\/comments?post=407"}],"wp:featuredmedia":[{"embeddable":true,"href":"https:\/\/www.marquespiscinas.com.br\/loja\/wp-json\/wp\/v2\/media\/408"}],"wp:attachment":[{"href":"https:\/\/www.marquespiscinas.com.br\/loja\/wp-json\/wp\/v2\/media?parent=407"}],"wp:term":[{"taxonomy":"product_brand","embeddable":true,"href":"https:\/\/www.marquespiscinas.com.br\/loja\/wp-json\/wp\/v2\/product_brand?post=407"},{"taxonomy":"product_cat","embeddable":true,"href":"https:\/\/www.marquespiscinas.com.br\/loja\/wp-json\/wp\/v2\/product_cat?post=407"},{"taxonomy":"product_tag","embeddable":true,"href":"https:\/\/www.marquespiscinas.com.br\/loja\/wp-json\/wp\/v2\/product_tag?post=407"}],"curies":[{"name":"wp","href":"https:\/\/api.w.org\/{rel}","templated":true}]}}