{"id":421,"date":"2021-08-04T17:45:34","date_gmt":"2021-08-04T20:45:34","guid":{"rendered":"https:\/\/www.marquespiscinas.com.br\/loja\/?post_type=product&#038;p=421"},"modified":"2023-01-27T15:26:55","modified_gmt":"2023-01-27T18:26:55","slug":"escada-tradicional-1-1-2-em-aco-inox-3-degraus-anatomicos-em-inox","status":"publish","type":"product","link":"https:\/\/www.marquespiscinas.com.br\/loja\/produto\/escada-tradicional-1-1-2-em-aco-inox-3-degraus-anatomicos-em-inox\/","title":{"rendered":"Escada Tradicional 1 1\/2\u00b4\u00b4 em A\u00e7o Inox 3 Degraus Anat\u00f4micos em Inox"},"content":{"rendered":"<p>Confeccionadas com materiais de alta qualidade e resist\u00eancia , as escadas Sodramar possuem corrim\u00e3o em a\u00e7o inox polido e espelhado com di\u00e2metro de 1 1\/2&#8243;; com degraus anat\u00f4micos que acompanha o formato dos p\u00e9s . Todos os modelos acompanham chumbador em ABS e borracha para encosto na parede da piscina. \u00c9 a \u00fanica no mercado com embalagem a v\u00e1cuo, possibilitando facilidade no transporte, e evitando sua oxida\u00e7\u00e3o quando armazenada pr\u00f3ximo a produtos qu\u00edmicos<\/p>\n","protected":false},"excerpt":{"rendered":"<p>Confeccionadas com materiais de alta qualidade e resist\u00eancia , as escadas Sodramar possuem corrim\u00e3o em a\u00e7o inox polido e espelhado com di\u00e2metro de 1 1\/2&#8243;; com degraus anat\u00f4micos que acompanha o formato dos p\u00e9s . Todos os modelos acompanham chumbador em ABS e borracha para encosto na parede da piscina. \u00c9 a \u00fanica no mercado [&hellip;]<\/p>\n","protected":false},"featured_media":422,"comment_status":"open","ping_status":"closed","template":"","meta":[],"product_brand":[],"product_cat":[25],"product_tag":[],"class_list":{"0":"post-421","1":"product","2":"type-product","3":"status-publish","4":"has-post-thumbnail","6":"product_cat-acessorios-2","8":"first","9":"onbackorder","10":"shipping-taxable","11":"purchasable","12":"product-type-simple"},"jetpack_sharing_enabled":true,"_links":{"self":[{"href":"https:\/\/www.marquespiscinas.com.br\/loja\/wp-json\/wp\/v2\/product\/421","targetHints":{"allow":["GET"]}}],"collection":[{"href":"https:\/\/www.marquespiscinas.com.br\/loja\/wp-json\/wp\/v2\/product"}],"about":[{"href":"https:\/\/www.marquespiscinas.com.br\/loja\/wp-json\/wp\/v2\/types\/product"}],"replies":[{"embeddable":true,"href":"https:\/\/www.marquespiscinas.com.br\/loja\/wp-json\/wp\/v2\/comments?post=421"}],"wp:featuredmedia":[{"embeddable":true,"href":"https:\/\/www.marquespiscinas.com.br\/loja\/wp-json\/wp\/v2\/media\/422"}],"wp:attachment":[{"href":"https:\/\/www.marquespiscinas.com.br\/loja\/wp-json\/wp\/v2\/media?parent=421"}],"wp:term":[{"taxonomy":"product_brand","embeddable":true,"href":"https:\/\/www.marquespiscinas.com.br\/loja\/wp-json\/wp\/v2\/product_brand?post=421"},{"taxonomy":"product_cat","embeddable":true,"href":"https:\/\/www.marquespiscinas.com.br\/loja\/wp-json\/wp\/v2\/product_cat?post=421"},{"taxonomy":"product_tag","embeddable":true,"href":"https:\/\/www.marquespiscinas.com.br\/loja\/wp-json\/wp\/v2\/product_tag?post=421"}],"curies":[{"name":"wp","href":"https:\/\/api.w.org\/{rel}","templated":true}]}}