{"id":423,"date":"2021-08-09T09:58:23","date_gmt":"2021-08-09T12:58:23","guid":{"rendered":"https:\/\/www.marquespiscinas.com.br\/loja\/?post_type=product&#038;p=423"},"modified":"2021-08-10T14:28:08","modified_gmt":"2021-08-10T17:28:08","slug":"led-piscina-tiny-led-rgb-10w-light-tech","status":"publish","type":"product","link":"https:\/\/www.marquespiscinas.com.br\/loja\/produto\/led-piscina-tiny-led-rgb-10w-light-tech\/","title":{"rendered":"Led Piscina &#8211; Tiny Led Rgb 10w &#8211; Light Tech"},"content":{"rendered":"<p>Compacto, elegante e robusto, o Tiny LED Light Tech veio para suprir a necessidade de quem procura um refletor led com o que existe de mais avan\u00e7ado no mercado de ilumina\u00e7\u00e3o de piscinas.<br \/>\nTodo o poder de ilumina\u00e7\u00e3o vem do power led com pot\u00eancia de 10w, utilizado em sua constru\u00e7\u00e3o, que em conjunto com a lente de policarbonato, \u00e9 capaz de emitir todas as faixas de cores iluminando com efici\u00eancia uma \u00e1rea de at\u00e9 18m quadrados com um \u00e2ngulo de abertura do feixe luminoso de 150 graus.<\/p>\n","protected":false},"excerpt":{"rendered":"<p>Compacto, elegante e robusto, o Tiny LED Light Tech veio para suprir a necessidade de quem procura um refletor led com o que existe de mais avan\u00e7ado no mercado de ilumina\u00e7\u00e3o de piscinas. Todo o poder de ilumina\u00e7\u00e3o vem do power led com pot\u00eancia de 10w, utilizado em sua constru\u00e7\u00e3o, que em conjunto com a [&hellip;]<\/p>\n","protected":false},"featured_media":437,"comment_status":"open","ping_status":"closed","template":"","meta":[],"product_brand":[],"product_cat":[20],"product_tag":[],"class_list":{"0":"post-423","1":"product","2":"type-product","3":"status-publish","4":"has-post-thumbnail","6":"product_cat-iluminacao","8":"first","9":"instock","10":"shipping-taxable","11":"purchasable","12":"product-type-simple"},"jetpack_sharing_enabled":true,"_links":{"self":[{"href":"https:\/\/www.marquespiscinas.com.br\/loja\/wp-json\/wp\/v2\/product\/423","targetHints":{"allow":["GET"]}}],"collection":[{"href":"https:\/\/www.marquespiscinas.com.br\/loja\/wp-json\/wp\/v2\/product"}],"about":[{"href":"https:\/\/www.marquespiscinas.com.br\/loja\/wp-json\/wp\/v2\/types\/product"}],"replies":[{"embeddable":true,"href":"https:\/\/www.marquespiscinas.com.br\/loja\/wp-json\/wp\/v2\/comments?post=423"}],"wp:featuredmedia":[{"embeddable":true,"href":"https:\/\/www.marquespiscinas.com.br\/loja\/wp-json\/wp\/v2\/media\/437"}],"wp:attachment":[{"href":"https:\/\/www.marquespiscinas.com.br\/loja\/wp-json\/wp\/v2\/media?parent=423"}],"wp:term":[{"taxonomy":"product_brand","embeddable":true,"href":"https:\/\/www.marquespiscinas.com.br\/loja\/wp-json\/wp\/v2\/product_brand?post=423"},{"taxonomy":"product_cat","embeddable":true,"href":"https:\/\/www.marquespiscinas.com.br\/loja\/wp-json\/wp\/v2\/product_cat?post=423"},{"taxonomy":"product_tag","embeddable":true,"href":"https:\/\/www.marquespiscinas.com.br\/loja\/wp-json\/wp\/v2\/product_tag?post=423"}],"curies":[{"name":"wp","href":"https:\/\/api.w.org\/{rel}","templated":true}]}}