{"id":43,"date":"2021-01-19T11:02:10","date_gmt":"2021-01-19T14:02:10","guid":{"rendered":"https:\/\/www.marquespiscinas.com.br\/loja\/?post_type=product&#038;p=43"},"modified":"2023-05-12T09:56:44","modified_gmt":"2023-05-12T12:56:44","slug":"cloro-hidroazul-faz-10-kg","status":"publish","type":"product","link":"https:\/\/www.marquespiscinas.com.br\/loja\/produto\/cloro-hidroazul-faz-10-kg\/","title":{"rendered":"Cloro Hidroazul Faz 10 kg"},"content":{"rendered":"<p>O <b>Cloro FAZ<\/b>\u00a04 +1 \u00e9 uma \u00f3tima op\u00e7\u00e3o para voc\u00ea que procura um produto para manter a sua piscina livre de mat\u00e9rias org\u00e2nicas, algas, preven\u00e7\u00e3o de odores, al\u00e9m da estabiliza\u00e7\u00e3o de alcalinidade e pH. Esse \u00e9 sol\u00favel na \u00e1gua e possui um \u00f3timo rendimento. &#8230; Me\u00e7a o pH diariamente.<\/p>\n","protected":false},"excerpt":{"rendered":"<p>O Cloro FAZ\u00a04 +1 \u00e9 uma \u00f3tima op\u00e7\u00e3o para voc\u00ea que procura um produto para manter a sua piscina livre de mat\u00e9rias org\u00e2nicas, algas, preven\u00e7\u00e3o de odores, al\u00e9m da estabiliza\u00e7\u00e3o de alcalinidade e pH. Esse \u00e9 sol\u00favel na \u00e1gua e possui um \u00f3timo rendimento. &#8230; Me\u00e7a o pH diariamente.<\/p>\n","protected":false},"featured_media":44,"comment_status":"open","ping_status":"closed","template":"","meta":[],"product_brand":[],"product_cat":[24],"product_tag":[],"class_list":{"0":"post-43","1":"product","2":"type-product","3":"status-publish","4":"has-post-thumbnail","6":"product_cat-tratamento","8":"first","9":"instock","10":"shipping-taxable","11":"purchasable","12":"product-type-simple"},"jetpack_sharing_enabled":true,"_links":{"self":[{"href":"https:\/\/www.marquespiscinas.com.br\/loja\/wp-json\/wp\/v2\/product\/43","targetHints":{"allow":["GET"]}}],"collection":[{"href":"https:\/\/www.marquespiscinas.com.br\/loja\/wp-json\/wp\/v2\/product"}],"about":[{"href":"https:\/\/www.marquespiscinas.com.br\/loja\/wp-json\/wp\/v2\/types\/product"}],"replies":[{"embeddable":true,"href":"https:\/\/www.marquespiscinas.com.br\/loja\/wp-json\/wp\/v2\/comments?post=43"}],"wp:featuredmedia":[{"embeddable":true,"href":"https:\/\/www.marquespiscinas.com.br\/loja\/wp-json\/wp\/v2\/media\/44"}],"wp:attachment":[{"href":"https:\/\/www.marquespiscinas.com.br\/loja\/wp-json\/wp\/v2\/media?parent=43"}],"wp:term":[{"taxonomy":"product_brand","embeddable":true,"href":"https:\/\/www.marquespiscinas.com.br\/loja\/wp-json\/wp\/v2\/product_brand?post=43"},{"taxonomy":"product_cat","embeddable":true,"href":"https:\/\/www.marquespiscinas.com.br\/loja\/wp-json\/wp\/v2\/product_cat?post=43"},{"taxonomy":"product_tag","embeddable":true,"href":"https:\/\/www.marquespiscinas.com.br\/loja\/wp-json\/wp\/v2\/product_tag?post=43"}],"curies":[{"name":"wp","href":"https:\/\/api.w.org\/{rel}","templated":true}]}}