{"id":431,"date":"2021-08-10T13:55:01","date_gmt":"2021-08-10T16:55:01","guid":{"rendered":"https:\/\/www.marquespiscinas.com.br\/loja\/?post_type=product&#038;p=431"},"modified":"2021-08-10T16:08:34","modified_gmt":"2021-08-10T19:08:34","slug":"moto-bomba-lepono-1-2cv-p-aquecimento-solar-de-piscinas","status":"publish","type":"product","link":"https:\/\/www.marquespiscinas.com.br\/loja\/produto\/moto-bomba-lepono-1-2cv-p-aquecimento-solar-de-piscinas\/","title":{"rendered":"Moto Bomba Lepono 1\/2cv P\/ Aquecimento Solar De Piscinas"},"content":{"rendered":"<p>Utilizada principalmente para abastecimento dom\u00e9stico e pequenos pr\u00e9dios. Sistemas de pressuriza\u00e7\u00e3o de baixa press\u00e3o. Irriga\u00e7\u00e3o de pequeno porte. Sua principal caracter\u00edstica \u00e9 o bombeamento de \u00e1gua com maiores vaz\u00f5es. Grande versatilidade de usos.<\/p>\n<p class=\"ui-pdp-family--REGULAR ui-pdp-list__text\"><span class=\"ui-pdp-color--BLACK ui-pdp-size--XSMALL ui-pdp-family--BOLD\">Altura m\u00e1xima<\/span>: 20 m<\/p>\n<p class=\"ui-pdp-family--REGULAR ui-pdp-list__text\"><span class=\"ui-pdp-color--BLACK ui-pdp-size--XSMALL ui-pdp-family--BOLD\">Fluxo m\u00e1ximo de \u00e1gua<\/span>: 70 l\/min<\/p>\n<p class=\"ui-pdp-family--REGULAR ui-pdp-list__text\"><span class=\"ui-pdp-color--BLACK ui-pdp-size--XSMALL ui-pdp-family--BOLD\">Peso<\/span>: 3.83 kg<\/p>\n<p class=\"ui-pdp-family--REGULAR ui-pdp-list__text\"><span class=\"ui-pdp-color--BLACK ui-pdp-size--XSMALL ui-pdp-family--BOLD\">Tipo de bomba centr\u00edfuga<\/span>: Centr\u00edfuga<\/p>\n<p class=\"ui-pdp-family--REGULAR ui-pdp-list__text\"><span class=\"ui-pdp-color--BLACK ui-pdp-size--XSMALL ui-pdp-family--BOLD\">Material do rotor<\/span>: Bronze<\/p>\n<p class=\"ui-pdp-family--REGULAR ui-pdp-list__text\"><span class=\"ui-pdp-color--BLACK ui-pdp-size--XSMALL ui-pdp-family--BOLD\">Altura m\u00e1xima de suc\u00e7\u00e3o<\/span>: 8 m<\/p>\n","protected":false},"excerpt":{"rendered":"<p>Utilizada principalmente para abastecimento dom\u00e9stico e pequenos pr\u00e9dios. Sistemas de pressuriza\u00e7\u00e3o de baixa press\u00e3o. Irriga\u00e7\u00e3o de pequeno porte. Sua principal caracter\u00edstica \u00e9 o bombeamento de \u00e1gua com maiores vaz\u00f5es. Grande versatilidade de usos. Altura m\u00e1xima: 20 m Fluxo m\u00e1ximo de \u00e1gua: 70 l\/min Peso: 3.83 kg Tipo de bomba centr\u00edfuga: Centr\u00edfuga Material do rotor: Bronze [&hellip;]<\/p>\n","protected":false},"featured_media":432,"comment_status":"open","ping_status":"closed","template":"","meta":[],"product_brand":[],"product_cat":[19],"product_tag":[],"class_list":{"0":"post-431","1":"product","2":"type-product","3":"status-publish","4":"has-post-thumbnail","6":"product_cat-acessorios","8":"first","9":"instock","10":"shipping-taxable","11":"purchasable","12":"product-type-simple"},"jetpack_sharing_enabled":true,"_links":{"self":[{"href":"https:\/\/www.marquespiscinas.com.br\/loja\/wp-json\/wp\/v2\/product\/431","targetHints":{"allow":["GET"]}}],"collection":[{"href":"https:\/\/www.marquespiscinas.com.br\/loja\/wp-json\/wp\/v2\/product"}],"about":[{"href":"https:\/\/www.marquespiscinas.com.br\/loja\/wp-json\/wp\/v2\/types\/product"}],"replies":[{"embeddable":true,"href":"https:\/\/www.marquespiscinas.com.br\/loja\/wp-json\/wp\/v2\/comments?post=431"}],"wp:featuredmedia":[{"embeddable":true,"href":"https:\/\/www.marquespiscinas.com.br\/loja\/wp-json\/wp\/v2\/media\/432"}],"wp:attachment":[{"href":"https:\/\/www.marquespiscinas.com.br\/loja\/wp-json\/wp\/v2\/media?parent=431"}],"wp:term":[{"taxonomy":"product_brand","embeddable":true,"href":"https:\/\/www.marquespiscinas.com.br\/loja\/wp-json\/wp\/v2\/product_brand?post=431"},{"taxonomy":"product_cat","embeddable":true,"href":"https:\/\/www.marquespiscinas.com.br\/loja\/wp-json\/wp\/v2\/product_cat?post=431"},{"taxonomy":"product_tag","embeddable":true,"href":"https:\/\/www.marquespiscinas.com.br\/loja\/wp-json\/wp\/v2\/product_tag?post=431"}],"curies":[{"name":"wp","href":"https:\/\/api.w.org\/{rel}","templated":true}]}}