{"id":45,"date":"2021-01-19T11:04:34","date_gmt":"2021-01-19T14:04:34","guid":{"rendered":"https:\/\/www.marquespiscinas.com.br\/loja\/?post_type=product&#038;p=45"},"modified":"2022-07-20T14:25:29","modified_gmt":"2022-07-20T17:25:29","slug":"cloro-hidroazul-dicloro-granulado-10-kg","status":"publish","type":"product","link":"https:\/\/www.marquespiscinas.com.br\/loja\/produto\/cloro-hidroazul-dicloro-granulado-10-kg\/","title":{"rendered":"Cloro Hidroazul Dicloro granulado 10 kg"},"content":{"rendered":"<p>Fonte de\u00a0<b>cloro<\/b>\u00a0dispon\u00edvel para desinfec\u00e7\u00e3o e sanitiza\u00e7\u00e3o de piscinas, possui agente estabilizador de\u00a0<b>cloro<\/b>, que mant\u00eam o efeito sanitizante por mais tempo na piscina e possui baixo \u00edndice de insol\u00faveis. Pode ser utilizado para a destina\u00e7\u00e3o domiciliar ou institucional.<\/p>\n","protected":false},"excerpt":{"rendered":"<p>Fonte de\u00a0cloro\u00a0dispon\u00edvel para desinfec\u00e7\u00e3o e sanitiza\u00e7\u00e3o de piscinas, possui agente estabilizador de\u00a0cloro, que mant\u00eam o efeito sanitizante por mais tempo na piscina e possui baixo \u00edndice de insol\u00faveis. Pode ser utilizado para a destina\u00e7\u00e3o domiciliar ou institucional.<\/p>\n","protected":false},"featured_media":46,"comment_status":"open","ping_status":"closed","template":"","meta":[],"product_brand":[],"product_cat":[24],"product_tag":[],"class_list":{"0":"post-45","1":"product","2":"type-product","3":"status-publish","4":"has-post-thumbnail","6":"product_cat-tratamento","8":"first","9":"instock","10":"shipping-taxable","11":"purchasable","12":"product-type-simple"},"jetpack_sharing_enabled":true,"_links":{"self":[{"href":"https:\/\/www.marquespiscinas.com.br\/loja\/wp-json\/wp\/v2\/product\/45","targetHints":{"allow":["GET"]}}],"collection":[{"href":"https:\/\/www.marquespiscinas.com.br\/loja\/wp-json\/wp\/v2\/product"}],"about":[{"href":"https:\/\/www.marquespiscinas.com.br\/loja\/wp-json\/wp\/v2\/types\/product"}],"replies":[{"embeddable":true,"href":"https:\/\/www.marquespiscinas.com.br\/loja\/wp-json\/wp\/v2\/comments?post=45"}],"wp:featuredmedia":[{"embeddable":true,"href":"https:\/\/www.marquespiscinas.com.br\/loja\/wp-json\/wp\/v2\/media\/46"}],"wp:attachment":[{"href":"https:\/\/www.marquespiscinas.com.br\/loja\/wp-json\/wp\/v2\/media?parent=45"}],"wp:term":[{"taxonomy":"product_brand","embeddable":true,"href":"https:\/\/www.marquespiscinas.com.br\/loja\/wp-json\/wp\/v2\/product_brand?post=45"},{"taxonomy":"product_cat","embeddable":true,"href":"https:\/\/www.marquespiscinas.com.br\/loja\/wp-json\/wp\/v2\/product_cat?post=45"},{"taxonomy":"product_tag","embeddable":true,"href":"https:\/\/www.marquespiscinas.com.br\/loja\/wp-json\/wp\/v2\/product_tag?post=45"}],"curies":[{"name":"wp","href":"https:\/\/api.w.org\/{rel}","templated":true}]}}