{"id":480,"date":"2021-10-07T09:02:16","date_gmt":"2021-10-07T12:02:16","guid":{"rendered":"https:\/\/www.marquespiscinas.com.br\/loja\/?post_type=product&#038;p=480"},"modified":"2022-10-11T10:33:07","modified_gmt":"2022-10-11T13:33:07","slug":"redutor-de-alcalinidade-e-ph-hth-1l","status":"publish","type":"product","link":"https:\/\/www.marquespiscinas.com.br\/loja\/produto\/redutor-de-alcalinidade-e-ph-hth-1l\/","title":{"rendered":"Redutor de Alcalinidade e pH HTH 1L"},"content":{"rendered":"<p><b>Redutor Alcalinidade e PH Extra Forte Piscinas<br \/>\n<\/b><\/p>\n<p><b>Redutor Alcalinidade e PH Extra Forte Piscinas<br \/>\n<\/b>O hth\u00ae Redutor de Alcalinidade e pH age reduzindo a Alcalinidade e pH da \u00e1gua quando est\u00e3o acima da faixa recomendada. <strong>Produto indicado para piscinas de fibra, vinil e azulejo.<\/strong><\/p>\n<p>&#8211; Alcalinidade ideal: 80 &#8211; 120ppm.<br \/>\n&#8211; pH ideal 7.0 &#8211; 7.4.<\/p>\n<p><strong>Instru\u00e7\u00f5es de uso:<br \/>\n<\/strong>1. Para abrir, pressione as laterais da tampa de seguran\u00e7a e levante, conforme indicado na seta. Depois fure o lacre de seguran\u00e7a.<br \/>\n2. Acione a filtra\u00e7\u00e3o e aplique a dose recomendada do hth\u00ae Redutor de Alcalinidade e pH Extra Forte. conforme a necessidade de ajuste diretamente na piscina (indica\u00e7\u00e3o de dosagem na embalagem)<br \/>\n3. Filtre a \u00e1gua da piscina por 6 horas e depois avalie novamente os par\u00e2metros. Se necess\u00e1rio, repita a dose.<br \/>\n4. Libere a piscina para uso 1 hora ap\u00f3s a aplica\u00e7\u00e3o do produto, com os par\u00e2metros devidamente ajustados. Este produto pode ser aplicado ao mesmo tempo em que outros produtos.<\/p>\n<p><strong>VALIDADE: 24 meses<\/strong><br \/>\n<strong>SAC: 0800 011 2200<\/strong><\/p>\n","protected":false},"excerpt":{"rendered":"<p><b>Redutor Alcalinidade e PH Extra Forte Piscinas<br \/>\n<\/b>O hth\u00ae Redutor de Alcalinidade e pH age reduzindo a Alcalinidade e pH da \u00e1gua quando est\u00e3o acima da faixa recomendada. <strong>Produto indicado para piscinas de fibra, vinil e azulejo.<\/strong><\/p>\n<p>&#8211; Alcalinidade ideal: 80 &#8211; 120ppm.<br \/>\n&#8211; pH ideal 7.0 &#8211; 7.4.<\/p>\n","protected":false},"featured_media":481,"comment_status":"open","ping_status":"closed","template":"","meta":[],"product_brand":[],"product_cat":[24],"product_tag":[],"class_list":{"0":"post-480","1":"product","2":"type-product","3":"status-publish","4":"has-post-thumbnail","6":"product_cat-tratamento","8":"first","9":"outofstock","10":"shipping-taxable","11":"purchasable","12":"product-type-simple"},"jetpack_sharing_enabled":true,"_links":{"self":[{"href":"https:\/\/www.marquespiscinas.com.br\/loja\/wp-json\/wp\/v2\/product\/480","targetHints":{"allow":["GET"]}}],"collection":[{"href":"https:\/\/www.marquespiscinas.com.br\/loja\/wp-json\/wp\/v2\/product"}],"about":[{"href":"https:\/\/www.marquespiscinas.com.br\/loja\/wp-json\/wp\/v2\/types\/product"}],"replies":[{"embeddable":true,"href":"https:\/\/www.marquespiscinas.com.br\/loja\/wp-json\/wp\/v2\/comments?post=480"}],"wp:featuredmedia":[{"embeddable":true,"href":"https:\/\/www.marquespiscinas.com.br\/loja\/wp-json\/wp\/v2\/media\/481"}],"wp:attachment":[{"href":"https:\/\/www.marquespiscinas.com.br\/loja\/wp-json\/wp\/v2\/media?parent=480"}],"wp:term":[{"taxonomy":"product_brand","embeddable":true,"href":"https:\/\/www.marquespiscinas.com.br\/loja\/wp-json\/wp\/v2\/product_brand?post=480"},{"taxonomy":"product_cat","embeddable":true,"href":"https:\/\/www.marquespiscinas.com.br\/loja\/wp-json\/wp\/v2\/product_cat?post=480"},{"taxonomy":"product_tag","embeddable":true,"href":"https:\/\/www.marquespiscinas.com.br\/loja\/wp-json\/wp\/v2\/product_tag?post=480"}],"curies":[{"name":"wp","href":"https:\/\/api.w.org\/{rel}","templated":true}]}}