{"id":570,"date":"2022-10-10T09:14:01","date_gmt":"2022-10-10T12:14:01","guid":{"rendered":"https:\/\/www.marquespiscinas.com.br\/loja\/?post_type=product&#038;p=570"},"modified":"2022-10-10T10:09:40","modified_gmt":"2022-10-10T13:09:40","slug":"aquecedor-para-piscina-trocador-de-calor-th-80-horizontal","status":"publish","type":"product","link":"https:\/\/www.marquespiscinas.com.br\/loja\/produto\/aquecedor-para-piscina-trocador-de-calor-th-80-horizontal\/","title":{"rendered":"Aquecedor para Piscina &#8211; Trocador de calor TH 80 Horizontal"},"content":{"rendered":"<p>&nbsp;<\/p>\n<p><strong>Trocador de calor Horizontal TH 80<\/strong><\/p>\n<p>O Trocador de Calor Horizontal da Sodramar, trar\u00e1 conforto, beleza e sofistica\u00e7\u00e3o para sua piscina. O equipamento \u00e9 o que h\u00e1 de mais moderno em aquecimento de piscinas. O Trocador apresenta um design mais sofisticado, permitindo instala\u00e7\u00f5es mais pr\u00e1ticas e que ocupem pouco espa\u00e7o. Os Trocadores de Calor TH da Sodramar, s\u00e3o equipamentos com baixo ru\u00eddo se comparados a outros meios de aquecimento para piscinas. Tudo para um lazer tranquilo e seguro.<\/p>\n<p>Os trocadores de calor SODRAMAR j\u00e1 saem de f\u00e1brica com o condensador tit\u00e2nio, isso garante maior durabilidade ao produto. O condensador tit\u00e2nio resiste sem problema a qualquer tratamento qu\u00edmico da \u00e1gua da piscina.<\/p>\n","protected":false},"excerpt":{"rendered":"<p>&nbsp; Trocador de calor Horizontal TH 80 O Trocador de Calor Horizontal da Sodramar, trar\u00e1 conforto, beleza e sofistica\u00e7\u00e3o para sua piscina. O equipamento \u00e9 o que h\u00e1 de mais moderno em aquecimento de piscinas. O Trocador apresenta um design mais sofisticado, permitindo instala\u00e7\u00f5es mais pr\u00e1ticas e que ocupem pouco espa\u00e7o. Os Trocadores de Calor [&hellip;]<\/p>\n","protected":false},"featured_media":565,"comment_status":"open","ping_status":"closed","template":"","meta":[],"product_brand":[],"product_cat":[19],"product_tag":[],"class_list":{"0":"post-570","1":"product","2":"type-product","3":"status-publish","4":"has-post-thumbnail","6":"product_cat-acessorios","8":"first","9":"onbackorder","10":"sale","11":"shipping-taxable","12":"purchasable","13":"product-type-simple"},"jetpack_sharing_enabled":true,"_links":{"self":[{"href":"https:\/\/www.marquespiscinas.com.br\/loja\/wp-json\/wp\/v2\/product\/570","targetHints":{"allow":["GET"]}}],"collection":[{"href":"https:\/\/www.marquespiscinas.com.br\/loja\/wp-json\/wp\/v2\/product"}],"about":[{"href":"https:\/\/www.marquespiscinas.com.br\/loja\/wp-json\/wp\/v2\/types\/product"}],"replies":[{"embeddable":true,"href":"https:\/\/www.marquespiscinas.com.br\/loja\/wp-json\/wp\/v2\/comments?post=570"}],"wp:featuredmedia":[{"embeddable":true,"href":"https:\/\/www.marquespiscinas.com.br\/loja\/wp-json\/wp\/v2\/media\/565"}],"wp:attachment":[{"href":"https:\/\/www.marquespiscinas.com.br\/loja\/wp-json\/wp\/v2\/media?parent=570"}],"wp:term":[{"taxonomy":"product_brand","embeddable":true,"href":"https:\/\/www.marquespiscinas.com.br\/loja\/wp-json\/wp\/v2\/product_brand?post=570"},{"taxonomy":"product_cat","embeddable":true,"href":"https:\/\/www.marquespiscinas.com.br\/loja\/wp-json\/wp\/v2\/product_cat?post=570"},{"taxonomy":"product_tag","embeddable":true,"href":"https:\/\/www.marquespiscinas.com.br\/loja\/wp-json\/wp\/v2\/product_tag?post=570"}],"curies":[{"name":"wp","href":"https:\/\/api.w.org\/{rel}","templated":true}]}}