{"id":583,"date":"2022-10-10T09:43:16","date_gmt":"2022-10-10T12:43:16","guid":{"rendered":"https:\/\/www.marquespiscinas.com.br\/loja\/?post_type=product&#038;p=583"},"modified":"2022-10-10T10:00:42","modified_gmt":"2022-10-10T13:00:42","slug":"aquecedor-para-piscina-trocador-de-calor-sd-180-titanio-compre-e-ganhe-um-quadro-de-comando","status":"publish","type":"product","link":"https:\/\/www.marquespiscinas.com.br\/loja\/produto\/aquecedor-para-piscina-trocador-de-calor-sd-180-titanio-compre-e-ganhe-um-quadro-de-comando\/","title":{"rendered":"Aquecedor para Piscina &#8211; Trocador de Calor SD-180 Tit\u00e2nio &#8211; Compre e Ganhe um Quadro de Comando"},"content":{"rendered":"<p>&nbsp;<\/p>\n<h1><strong>Aquecedor de Piscina &#8211; Trocador de Calor SD-180<\/strong><\/h1>\n<p>Para que o Trocador de Calor para Piscina SD-180 desempenhe a sua fun\u00e7\u00e3o com mais qualidade, \u00e9 importante voc\u00ea dimension\u00e1-lo para a \u00e1rea de superf\u00edcie e de profundidade da piscina, com o intuito de que n\u00e3o ocorra perda de calor.<\/p>\n<p>Para deixar a temperatura da \u00e1gua mais agrad\u00e1vel, a Sodramar desenvolveu o que h\u00e1 de melhor em aquecimento para piscinas &#8211; Linha YES! Sodramar &#8211; de baixo custo e com muita, mas muita economia. Reduz em at\u00e9 80% de energia sobre os aquecedores com resist\u00eancia el\u00e9trica;<br \/>\n75% sobre g\u00e1s propano ;<\/p>\n<p>&nbsp;<\/p>\n<p>55% sobre g\u00e1s natural.<br \/>\nEssa linha foi desenvolvida atrav\u00e9s do sistema Do your self, ou seja, fa\u00e7a voc\u00ea mesmo, adequando \u00e0s suas necessidades. Voc\u00ea poder\u00e1 optar em agregar controle e acess\u00f3rios atrav\u00e9s de duas op\u00e7\u00f5es de quadro de comando: Controlador autom\u00e1tico com chave 05 posi\u00e7\u00f5es para Trocador de Calor e Controlador digital para leitura e controle de temperatura do Trocador de Calor.Dica: Para obter uma temperatura ideal em ambiente s\u00e3o necess\u00e1rios alguns cuidados. Dimensione o Trocador de Calor pela \u00e1rea de superf\u00edcie e de profundidade da piscina, para que n\u00e3o haja perda do aquecimento, e em ambiente aberto, utilize sempre capa t\u00e9rmica.<\/p>\n<p>Os trocadores de calor SODRAMAR j\u00e1 saem de f\u00e1brica com o condensador tit\u00e2nio, isso garante maior durabilidade ao produto. O condensador tit\u00e2nio resiste sem problema a qualquer tratamento qu\u00edmico da \u00e1gua da piscina.<\/p>\n","protected":false},"excerpt":{"rendered":"<p>&nbsp; Aquecedor de Piscina &#8211; Trocador de Calor SD-180 Para que o Trocador de Calor para Piscina SD-180 desempenhe a sua fun\u00e7\u00e3o com mais qualidade, \u00e9 importante voc\u00ea dimension\u00e1-lo para a \u00e1rea de superf\u00edcie e de profundidade da piscina, com o intuito de que n\u00e3o ocorra perda de calor. Para deixar a temperatura da \u00e1gua [&hellip;]<\/p>\n","protected":false},"featured_media":573,"comment_status":"open","ping_status":"closed","template":"","meta":[],"product_brand":[],"product_cat":[19],"product_tag":[],"class_list":{"0":"post-583","1":"product","2":"type-product","3":"status-publish","4":"has-post-thumbnail","6":"product_cat-acessorios","8":"first","9":"onbackorder","10":"sale","11":"shipping-taxable","12":"purchasable","13":"product-type-simple"},"jetpack_sharing_enabled":true,"_links":{"self":[{"href":"https:\/\/www.marquespiscinas.com.br\/loja\/wp-json\/wp\/v2\/product\/583","targetHints":{"allow":["GET"]}}],"collection":[{"href":"https:\/\/www.marquespiscinas.com.br\/loja\/wp-json\/wp\/v2\/product"}],"about":[{"href":"https:\/\/www.marquespiscinas.com.br\/loja\/wp-json\/wp\/v2\/types\/product"}],"replies":[{"embeddable":true,"href":"https:\/\/www.marquespiscinas.com.br\/loja\/wp-json\/wp\/v2\/comments?post=583"}],"wp:featuredmedia":[{"embeddable":true,"href":"https:\/\/www.marquespiscinas.com.br\/loja\/wp-json\/wp\/v2\/media\/573"}],"wp:attachment":[{"href":"https:\/\/www.marquespiscinas.com.br\/loja\/wp-json\/wp\/v2\/media?parent=583"}],"wp:term":[{"taxonomy":"product_brand","embeddable":true,"href":"https:\/\/www.marquespiscinas.com.br\/loja\/wp-json\/wp\/v2\/product_brand?post=583"},{"taxonomy":"product_cat","embeddable":true,"href":"https:\/\/www.marquespiscinas.com.br\/loja\/wp-json\/wp\/v2\/product_cat?post=583"},{"taxonomy":"product_tag","embeddable":true,"href":"https:\/\/www.marquespiscinas.com.br\/loja\/wp-json\/wp\/v2\/product_tag?post=583"}],"curies":[{"name":"wp","href":"https:\/\/api.w.org\/{rel}","templated":true}]}}